{"id":38,"date":"2023-08-09T07:54:57","date_gmt":"2023-08-09T07:54:57","guid":{"rendered":"http:\/\/155.138.139.218\/?page_id=38"},"modified":"2025-12-11T11:33:59","modified_gmt":"2025-12-11T15:33:59","slug":"contactez-nous","status":"publish","type":"page","link":"https:\/\/dessureaultcpa.ca\/en\/contactez-nous\/","title":{"rendered":"Contact us"},"content":{"rendered":"<div data-elementor-type=\"wp-page\" data-elementor-id=\"38\" class=\"elementor elementor-38\">\n\t\t\t\t\t\t<section class=\"elementor-section elementor-top-section elementor-element elementor-element-b3f91f8 elementor-section-boxed elementor-section-height-default elementor-section-height-default\" data-id=\"b3f91f8\" data-element_type=\"section\">\n\t\t\t\t\t\t<div class=\"elementor-container elementor-column-gap-default\">\n\t\t\t\t\t<div class=\"elementor-column elementor-col-100 elementor-top-column elementor-element elementor-element-e6e0760\" data-id=\"e6e0760\" data-element_type=\"column\">\n\t\t\t<div class=\"elementor-widget-wrap elementor-element-populated\">\n\t\t\t\t\t\t<div class=\"elementor-element elementor-element-fb093bc elementor-widget elementor-widget-html\" data-id=\"fb093bc\" data-element_type=\"widget\" data-widget_type=\"html.default\">\n\t\t\t\t<div class=\"elementor-widget-container\">\n\t\t\t\t\t<div class=\"quote-wrap-area with-main-color ptb-120\">\n   <div class=\"container-fluid\">\n      <div class=\"row justify-content-center align-items-center\">\n         <div class=\"col-lg-6 col-md-12 ps-0\" data-cue=\"fadeIn\" data-show=\"true\" style=\"animation-name: fadeIn; animation-duration: 600ms; animation-timing-function: ease; animation-delay: 0ms; animation-direction: normal; animation-fill-mode: both;\">\n            <div class=\"quote-wrap-content\">\n               <span class=\"sub\">Contact us<\/span>\n               <h2>\n                  Are you planning a business acquisition, sale, or succession?                               \n               <\/h2>\n               <div class=\"row justify-content-center\">\n                  <div class=\"col-lg-6 col-sm-6\">\n                     <div class=\"info-card\">\n                        <h3>Head Office<\/h3>\n                        <ul class=\"list\">\n                           <li>160, rue des Forges, 3i\u00e8me \u00e9tage\n                              Trois-Rivi\u00e8res, Qc,  G9A 2G8\n                           <\/li>\n                           <li class=\"mail\">\n                              <img decoding=\"async\" src=\"https:\/\/dessureaultcpa.ca\/wp-content\/uploads\/2023\/08\/mail.svg\" alt=\"mail\">\n                              <a href=\"mailto:info@dessureaultcpa.ca\">info@dessureaultcpa.ca<\/a>\n                           <\/li>\n                           <li>\n                              <h4><a href=\"tel:18193741535\">(819) 374-1535<\/a><\/h4>\n                           <\/li>\n                        <\/ul>\n                     <\/div>\n                  <\/div>\n                  <div class=\"col-lg-6 col-sm-6\">\n                     <div class=\"info-card\">\n                        <h3>\n                        <\/h3>\n                        <ul class=\"list\">\n                           <li>\n                              Tell us about it. The first meeting is free and non-binding.<br>\n                              <p><\/p>\n                              <p>At Dessureault CPA &amp; Associ\u00e9s, we believe that good decisions start with the right questions.\n                                 <br>\n                              <\/p>\n                              <p><\/p>\n                              <p>Whether you are in the planning stage or ready to take action, our team can guide you toward the best strategy.\n                                 <br>\n                              <\/p>\n                              <p><\/p>\n                              <p>Achat ou vente d\u2019entreprise,\n                                 Acquisition d\u2019une pharmacie,\n                                 Recherche d\u2019un associ\u00e9,\n                                 Rentabilit\u00e9 d\u2019un projet et\n                                 Planification de retraite \/ rel\u00e8ve\n                              <\/p>\n                           <\/li>\n                        <\/ul>\n                     <\/div>\n                  <\/div>\n               <\/div>\n            <\/div>\n         <\/div>\n         <div class=\"col-lg-6 col-md-12 pe-0\">\n            <div  class=\"consultancy-wrap-form\">\n               <div class=\"wpcf7\">\n                  <form id=\"consultancyForm\" class=\"wpcf7-form\" action=\"https:\/\/formsubmit.co\/ajax\/info@dessureaultcpa.ca\" method=\"POST\" accept-charset=\"UTF-8\">\n                     <div class=\"contact-form\">\n                        <div class=\"row justify-content-center\">\n                           <div class=\"form-group\">\n                              <label for=\"nom\">Nom complet *<\/label>\n                              <input class=\"form-control\" id=\"nom\" name=\"Nom complet\" type=\"text\" required placeholder=\"Votre nom et pr\u00e9nom\">\n                           <\/div>\n                           <div class=\"form-group\">\n                              <label for=\"tel\">Num\u00e9ro de t\u00e9l\u00e9phone *<\/label>\n                              <input class=\"form-control\" id=\"tel\" name=\"T\u00e9l\u00e9phone\" type=\"tel\" required\n placeholder=\"Ex.: 514-555-1234\" \n                                 pattern=\"^\\+?\\d[\\d\\s\\-().]{7,}$\" \/>\n                           <\/div>\n                           <div class=\"form-group\">\n                              <label for=\"email\">Courriel *<\/label>\n                              <input class=\"form-control\" id=\"email\" name=\"Courriel\" type=\"email\" required placeholder=\"vous@example.com\">\n                           <\/div>\n                           \n                           <div class=\"form-group\">\n                              <label for=\"service-desire\">Service d\u00e9sir\u00e9<\/label>\n                              <select class=\"form-select\" id=\"service-desire\" name=\"Service d\u00e9sir\u00e9\">\n                                 <option value=\"\" selected>\u2014 S\u00e9lectionnez \u2014<\/option>\n                                 <option>Business Transactions and Support<\/option>\n                                 <option>Avec partenaire: Accompagnement juridique et fiscal<\/option>\n                                 <option>Avec partenaire: Financement d\u2019acquisition<\/option>\n                              <\/select>\n                           <\/div>\n                           <div class=\"form-group\">\n                              <label for=\"message\">Message<\/label>\n                              <textarea class=\"form-control\" id=\"message\" name=\"Message\" rows=\"5\" placeholder=\"D\u00e9taillez votre demande...\"><\/textarea>\n                           <\/div>\n                           <input type=\"hidden\" name=\"_captcha\" value=\"true\"> \n                           <input type=\"hidden\" name=\"_cc\" value=\"antoine.cote@cyberperformance.ca\"> \n                           \n                           <input type=\"hidden\" name=\"_subject\" value=\"Nouveau message - Formulaire Traiteur Bolduc\">\n                           \n                           <input type=\"hidden\" name=\"_template\" value=\"table\"> \n                           <input type=\"text\" name=\"_honey\" style=\"display:none\">\n                           <button id=\"submitButton\" class=\"default-btn\" type=\"submit\">Envoyer<\/button>\n                           <div id=\"formStatusMessage\" style=\"margin-top: 20px;\"><\/div>\n                        <\/div>\n                     <\/div>\n                  <\/form>\n               <\/div>\n            <\/div>\n         <\/div>\n      <\/div>\n   <\/div>\n<\/div>\n<script>\n\n   const form = document.querySelector('#consultancyForm');\n   const submitBtn = document.querySelector('#submitButton');\n\n   form.addEventListener('submit', async (e) => {\n     e.preventDefault();\n     const formData = new FormData(form);\n     const data = {};\n     for(const [key,val] of formData.entries()) {\n       data[key]=val;\n     }\n\n     try {\n    submitBtn.innerText = \"Envoie en cours\";\n    submitBtn.setAttribute('disabled', \"\");\n   const res =  await fetch(form.getAttribute('action'), {\n      method: \"POST\",\n      headers: {\n          'Content-Type': 'application\/json',\n          'Accept': 'application\/json'\n      },\n      body: JSON.stringify(data)\n    }).then(res=> res.json());\n    const message  = getTranslatedMessage(res.message);\n    document.querySelector('#formStatusMessage').innerText = message;\n     }catch(err) {\n    document.querySelector('#formStatusMessage').innerText = \"erreur\";\n\n     }finally {\n      submitBtn.innerText = \"Envoyer\";\n    submitBtn.removeAttribute('disabled');\n\n     }\n\n\n\n   });\n\n   function getTranslatedMessage(messageEN) {\n      const TRANSLATION_MAP = {\n          \"This form needs Activation. We've sent you an email containing an 'Activate Form' link. Just click it and your form will be actived!\": \"Ce formulaire n\u00e9cessite une activation. Nous vous avons envoy\u00e9 un courriel contenant un lien 'Activer le formulaire'. Cliquez simplement dessus et votre formulaire sera activ\u00e9 !\",\n          \"The form was submitted successfully.\": \"Le formulaire a \u00e9t\u00e9 soumis avec succ\u00e8s.\",\n\n          \"Thank you! Your message has been successfully sent. We will contact you shortly.\": \"Merci ! Votre message a \u00e9t\u00e9 envoy\u00e9 avec succ\u00e8s. Nous vous contacterons sous peu.\",\n\n          \"An error occurred during sending. Please check your connection and try again.\": \"Une erreur est survenue lors de l\\'envoi. Veuillez v\u00e9rifier votre connexion et r\u00e9essayer.\"\n      };\n\n      const lang = document.documentElement.lang;\n\n      if (lang.toLowerCase().includes('fr')) {\n          return TRANSLATION_MAP[messageEN] || messageEN;\n      }\n\n      return messageEN;\n  }\n<\/script>\t\t\t\t<\/div>\n\t\t\t\t<\/div>\n\t\t\t\t\t<\/div>\n\t\t<\/div>\n\t\t\t\t\t<\/div>\n\t\t<\/section>\n\t\t\t\t<section class=\"elementor-section elementor-top-section elementor-element elementor-element-a6620d4 elementor-section-full_width quote-wrap-area with-main-color elementor-section-height-default elementor-section-height-default\" data-id=\"a6620d4\" data-element_type=\"section\">\n\t\t\t\t\t\t<div class=\"elementor-container elementor-column-gap-no\">\n\t\t\t\t\t<div class=\"elementor-column elementor-col-100 elementor-top-column elementor-element elementor-element-7e7932f\" data-id=\"7e7932f\" data-element_type=\"column\">\n\t\t\t<div class=\"elementor-widget-wrap elementor-element-populated\">\n\t\t\t\t\t\t<div class=\"elementor-element elementor-element-8156480 elementor-widget elementor-widget-google_maps\" data-id=\"8156480\" data-element_type=\"widget\" data-widget_type=\"google_maps.default\">\n\t\t\t\t<div class=\"elementor-widget-container\">\n\t\t\t\t\t\t\t<div class=\"elementor-custom-embed\">\n\t\t\t<iframe loading=\"lazy\"\n\t\t\t\t\tsrc=\"https:\/\/maps.google.com\/maps?q=160%20Rue%20des%20Forges%2C%20Trois-Rivi%C3%A8res%2C%20QC%20G9A%205H5&#038;t=m&#038;z=10&#038;output=embed&#038;iwloc=near\"\n\t\t\t\t\ttitle=\"160 Rue des Forges, Trois-Rivi\u00e8res, QC G9A 5H5\"\n\t\t\t\t\taria-label=\"160 Rue des Forges, Trois-Rivi\u00e8res, QC G9A 5H5\"\n\t\t\t><\/iframe>\n\t\t<\/div>\n\t\t\t\t\t\t<\/div>\n\t\t\t\t<\/div>\n\t\t\t\t\t<\/div>\n\t\t<\/div>\n\t\t\t\t\t<\/div>\n\t\t<\/section>\n\t\t\t\t<section class=\"elementor-section elementor-top-section elementor-element elementor-element-a4b5dee elementor-section-full_width elementor-section-height-default elementor-section-height-default\" data-id=\"a4b5dee\" data-element_type=\"section\">\n\t\t\t\t\t\t<div class=\"elementor-container elementor-column-gap-no\">\n\t\t\t\t\t<div class=\"elementor-column elementor-col-100 elementor-top-column elementor-element elementor-element-46bf93f\" data-id=\"46bf93f\" data-element_type=\"column\">\n\t\t\t<div class=\"elementor-widget-wrap elementor-element-populated\">\n\t\t\t\t\t\t<div class=\"elementor-element elementor-element-838060c elementor-widget elementor-widget-OneTimeService\" data-id=\"838060c\" data-element_type=\"widget\" data-widget_type=\"OneTimeService.default\">\n\t\t\t\t<div class=\"elementor-widget-container\">\n\t\t\t\t\t\r\n        <div class=\"overview-area without-color    with-main-color\">\r\n            <div class=\"container\">\r\n                <div class=\"overview-inner d-flex align-items-center justify-content-between\" data-cues=\"fadeIn\">\r\n                                            <div class=\"image\">\r\n                            <img decoding=\"async\" src=\"https:\/\/dessureaultcpa.ca\/wp-content\/uploads\/2023\/08\/overview.png\" alt=\"images\">\r\n                        <\/div>\r\n                                        <div class=\"content\">\r\n                        <h2>\r\n                            We offer the first 2-hour consultation free of charge.                        <\/h2>\r\n                    <\/div>\r\n                                            <div class=\"overview-btn\">\r\n                            <a href=\"https:\/\/dessureaultcpa.ca\/en\/contactez-nous\/\" class=\"default-btn\">Book my consultation<\/a>\r\n                        <\/div>\r\n                                    <\/div>\r\n            <\/div>\r\n        <\/div>\r\n\r\n        \t\t\t\t<\/div>\n\t\t\t\t<\/div>\n\t\t\t\t\t<\/div>\n\t\t<\/div>\n\t\t\t\t\t<\/div>\n\t\t<\/section>\n\t\t\t\t<\/div>","protected":false},"excerpt":{"rendered":"<p>Nous joindre Vous avez un projet d\u2019achat, de vente ou de rel\u00e8ve ? Si\u00e8ge social 160, rue des Forges, 3i\u00e8me \u00e9tage Trois-Rivi\u00e8res, Qc, G9A 2G8 info@dessureaultcpa.ca (819) 374-1535 Parlez-nous-en. Le premier rendez-vous est gratuit et sans engagement. Chez Dessureault CPA &amp; Associ\u00e9s, nous croyons que les bonnes d\u00e9cisions commencent par les bonnes questions. Que vous <\/p>","protected":false},"author":1,"featured_media":0,"parent":0,"menu_order":0,"comment_status":"closed","ping_status":"closed","template":"","meta":{"_acf_changed":false,"footnotes":""},"class_list":["post-38","page","type-page","status-publish","hentry"],"acf":[],"yoast_head":"<!-- This site is optimized with the Yoast SEO plugin v26.1.1 - https:\/\/yoast.com\/wordpress\/plugins\/seo\/ -->\n<title>Contactez Dessureault CPA | Cabinet Comptable \u00e0 Trois-Rivi\u00e8res<\/title>\n<meta name=\"description\" content=\"Contactez notre cabinet comptable \u00e0 Trois-Rivi\u00e8res. Pour un projet d&#039;achat\/vente ou des conseils, votre premi\u00e8re consultation est gratuite.\" \/>\n<meta name=\"robots\" content=\"index, follow, max-snippet:-1, max-image-preview:large, max-video-preview:-1\" \/>\n<link rel=\"canonical\" href=\"https:\/\/dessureaultcpa.ca\/en\/contactez-nous\/\" \/>\n<meta property=\"og:locale\" content=\"en_US\" \/>\n<meta property=\"og:type\" content=\"article\" \/>\n<meta property=\"og:title\" content=\"Contactez Dessureault CPA | Cabinet Comptable \u00e0 Trois-Rivi\u00e8res\" \/>\n<meta property=\"og:description\" content=\"Contactez notre cabinet comptable \u00e0 Trois-Rivi\u00e8res. Pour un projet d&#039;achat\/vente ou des conseils, votre premi\u00e8re consultation est gratuite.\" \/>\n<meta property=\"og:url\" content=\"https:\/\/dessureaultcpa.ca\/en\/contactez-nous\/\" \/>\n<meta property=\"og:site_name\" content=\"Dessureaultcpa\" \/>\n<meta property=\"article:publisher\" content=\"https:\/\/www.facebook.com\/profile.php?id=100084634417441\" \/>\n<meta property=\"article:modified_time\" content=\"2025-12-11T15:33:59+00:00\" \/>\n<meta property=\"og:image\" content=\"http:\/\/155.138.139.218\/wp-content\/uploads\/2023\/08\/mail.svg\" \/>\n<meta name=\"twitter:card\" content=\"summary_large_image\" \/>\n<meta name=\"twitter:label1\" content=\"Est. reading time\" \/>\n\t<meta name=\"twitter:data1\" content=\"2 minutes\" \/>\n<script type=\"application\/ld+json\" class=\"yoast-schema-graph\">{\"@context\":\"https:\/\/schema.org\",\"@graph\":[{\"@type\":\"WebPage\",\"@id\":\"https:\/\/dessureaultcpa.ca\/contactez-nous\/\",\"url\":\"https:\/\/dessureaultcpa.ca\/contactez-nous\/\",\"name\":\"Contactez Dessureault CPA | Cabinet Comptable \u00e0 Trois-Rivi\u00e8res\",\"isPartOf\":{\"@id\":\"https:\/\/dessureaultcpa.ca\/#website\"},\"primaryImageOfPage\":{\"@id\":\"https:\/\/dessureaultcpa.ca\/contactez-nous\/#primaryimage\"},\"image\":{\"@id\":\"https:\/\/dessureaultcpa.ca\/contactez-nous\/#primaryimage\"},\"thumbnailUrl\":\"http:\/\/155.138.139.218\/wp-content\/uploads\/2023\/08\/mail.svg\",\"datePublished\":\"2023-08-09T07:54:57+00:00\",\"dateModified\":\"2025-12-11T15:33:59+00:00\",\"description\":\"Contactez notre cabinet comptable \u00e0 Trois-Rivi\u00e8res. Pour un projet d'achat\/vente ou des conseils, votre premi\u00e8re consultation est gratuite.\",\"breadcrumb\":{\"@id\":\"https:\/\/dessureaultcpa.ca\/contactez-nous\/#breadcrumb\"},\"inLanguage\":\"en-CA\",\"potentialAction\":[{\"@type\":\"ReadAction\",\"target\":[\"https:\/\/dessureaultcpa.ca\/contactez-nous\/\"]}]},{\"@type\":\"ImageObject\",\"inLanguage\":\"en-CA\",\"@id\":\"https:\/\/dessureaultcpa.ca\/contactez-nous\/#primaryimage\",\"url\":\"http:\/\/155.138.139.218\/wp-content\/uploads\/2023\/08\/mail.svg\",\"contentUrl\":\"http:\/\/155.138.139.218\/wp-content\/uploads\/2023\/08\/mail.svg\"},{\"@type\":\"BreadcrumbList\",\"@id\":\"https:\/\/dessureaultcpa.ca\/contactez-nous\/#breadcrumb\",\"itemListElement\":[{\"@type\":\"ListItem\",\"position\":1,\"name\":\"Home\",\"item\":\"https:\/\/dessureaultcpa.ca\/\"},{\"@type\":\"ListItem\",\"position\":2,\"name\":\"Nous joindre\"}]},{\"@type\":\"WebSite\",\"@id\":\"https:\/\/dessureaultcpa.ca\/#website\",\"url\":\"https:\/\/dessureaultcpa.ca\/\",\"name\":\"Dessureaultcpa\",\"description\":\"\",\"publisher\":{\"@id\":\"https:\/\/dessureaultcpa.ca\/#organization\"},\"potentialAction\":[{\"@type\":\"SearchAction\",\"target\":{\"@type\":\"EntryPoint\",\"urlTemplate\":\"https:\/\/dessureaultcpa.ca\/?s={search_term_string}\"},\"query-input\":{\"@type\":\"PropertyValueSpecification\",\"valueRequired\":true,\"valueName\":\"search_term_string\"}}],\"inLanguage\":\"en-CA\"},{\"@type\":\"Organization\",\"@id\":\"https:\/\/dessureaultcpa.ca\/#organization\",\"name\":\"Dessureaultcpa\",\"url\":\"https:\/\/dessureaultcpa.ca\/\",\"logo\":{\"@type\":\"ImageObject\",\"inLanguage\":\"en-CA\",\"@id\":\"https:\/\/dessureaultcpa.ca\/#\/schema\/logo\/image\/\",\"url\":\"https:\/\/155.138.139.218\/wp-content\/uploads\/2025\/08\/Dessureault-Associes-logo.png\",\"contentUrl\":\"https:\/\/155.138.139.218\/wp-content\/uploads\/2025\/08\/Dessureault-Associes-logo.png\",\"width\":1413,\"height\":460,\"caption\":\"Dessureaultcpa\"},\"image\":{\"@id\":\"https:\/\/dessureaultcpa.ca\/#\/schema\/logo\/image\/\"},\"sameAs\":[\"https:\/\/www.facebook.com\/profile.php?id=100084634417441\"]}]}<\/script>\n<!-- \/ Yoast SEO plugin. -->","yoast_head_json":{"title":"Contactez Dessureault CPA | Cabinet Comptable \u00e0 Trois-Rivi\u00e8res","description":"Contactez notre cabinet comptable \u00e0 Trois-Rivi\u00e8res. Pour un projet d'achat\/vente ou des conseils, votre premi\u00e8re consultation est gratuite.","robots":{"index":"index","follow":"follow","max-snippet":"max-snippet:-1","max-image-preview":"max-image-preview:large","max-video-preview":"max-video-preview:-1"},"canonical":"https:\/\/dessureaultcpa.ca\/en\/contactez-nous\/","og_locale":"en_US","og_type":"article","og_title":"Contactez Dessureault CPA | Cabinet Comptable \u00e0 Trois-Rivi\u00e8res","og_description":"Contactez notre cabinet comptable \u00e0 Trois-Rivi\u00e8res. Pour un projet d'achat\/vente ou des conseils, votre premi\u00e8re consultation est gratuite.","og_url":"https:\/\/dessureaultcpa.ca\/en\/contactez-nous\/","og_site_name":"Dessureaultcpa","article_publisher":"https:\/\/www.facebook.com\/profile.php?id=100084634417441","article_modified_time":"2025-12-11T15:33:59+00:00","og_image":[{"url":"http:\/\/155.138.139.218\/wp-content\/uploads\/2023\/08\/mail.svg","type":"","width":"","height":""}],"twitter_card":"summary_large_image","twitter_misc":{"Est. reading time":"2 minutes"},"schema":{"@context":"https:\/\/schema.org","@graph":[{"@type":"WebPage","@id":"https:\/\/dessureaultcpa.ca\/contactez-nous\/","url":"https:\/\/dessureaultcpa.ca\/contactez-nous\/","name":"Contactez Dessureault CPA | Cabinet Comptable \u00e0 Trois-Rivi\u00e8res","isPartOf":{"@id":"https:\/\/dessureaultcpa.ca\/#website"},"primaryImageOfPage":{"@id":"https:\/\/dessureaultcpa.ca\/contactez-nous\/#primaryimage"},"image":{"@id":"https:\/\/dessureaultcpa.ca\/contactez-nous\/#primaryimage"},"thumbnailUrl":"http:\/\/155.138.139.218\/wp-content\/uploads\/2023\/08\/mail.svg","datePublished":"2023-08-09T07:54:57+00:00","dateModified":"2025-12-11T15:33:59+00:00","description":"Contactez notre cabinet comptable \u00e0 Trois-Rivi\u00e8res. Pour un projet d'achat\/vente ou des conseils, votre premi\u00e8re consultation est gratuite.","breadcrumb":{"@id":"https:\/\/dessureaultcpa.ca\/contactez-nous\/#breadcrumb"},"inLanguage":"en-CA","potentialAction":[{"@type":"ReadAction","target":["https:\/\/dessureaultcpa.ca\/contactez-nous\/"]}]},{"@type":"ImageObject","inLanguage":"en-CA","@id":"https:\/\/dessureaultcpa.ca\/contactez-nous\/#primaryimage","url":"http:\/\/155.138.139.218\/wp-content\/uploads\/2023\/08\/mail.svg","contentUrl":"http:\/\/155.138.139.218\/wp-content\/uploads\/2023\/08\/mail.svg"},{"@type":"BreadcrumbList","@id":"https:\/\/dessureaultcpa.ca\/contactez-nous\/#breadcrumb","itemListElement":[{"@type":"ListItem","position":1,"name":"Home","item":"https:\/\/dessureaultcpa.ca\/"},{"@type":"ListItem","position":2,"name":"Nous joindre"}]},{"@type":"WebSite","@id":"https:\/\/dessureaultcpa.ca\/#website","url":"https:\/\/dessureaultcpa.ca\/","name":"Dessureaultcpa","description":"","publisher":{"@id":"https:\/\/dessureaultcpa.ca\/#organization"},"potentialAction":[{"@type":"SearchAction","target":{"@type":"EntryPoint","urlTemplate":"https:\/\/dessureaultcpa.ca\/?s={search_term_string}"},"query-input":{"@type":"PropertyValueSpecification","valueRequired":true,"valueName":"search_term_string"}}],"inLanguage":"en-CA"},{"@type":"Organization","@id":"https:\/\/dessureaultcpa.ca\/#organization","name":"Dessureaultcpa","url":"https:\/\/dessureaultcpa.ca\/","logo":{"@type":"ImageObject","inLanguage":"en-CA","@id":"https:\/\/dessureaultcpa.ca\/#\/schema\/logo\/image\/","url":"https:\/\/155.138.139.218\/wp-content\/uploads\/2025\/08\/Dessureault-Associes-logo.png","contentUrl":"https:\/\/155.138.139.218\/wp-content\/uploads\/2025\/08\/Dessureault-Associes-logo.png","width":1413,"height":460,"caption":"Dessureaultcpa"},"image":{"@id":"https:\/\/dessureaultcpa.ca\/#\/schema\/logo\/image\/"},"sameAs":["https:\/\/www.facebook.com\/profile.php?id=100084634417441"]}]}},"_links":{"self":[{"href":"https:\/\/dessureaultcpa.ca\/en\/wp-json\/wp\/v2\/pages\/38","targetHints":{"allow":["GET"]}}],"collection":[{"href":"https:\/\/dessureaultcpa.ca\/en\/wp-json\/wp\/v2\/pages"}],"about":[{"href":"https:\/\/dessureaultcpa.ca\/en\/wp-json\/wp\/v2\/types\/page"}],"author":[{"embeddable":true,"href":"https:\/\/dessureaultcpa.ca\/en\/wp-json\/wp\/v2\/users\/1"}],"replies":[{"embeddable":true,"href":"https:\/\/dessureaultcpa.ca\/en\/wp-json\/wp\/v2\/comments?post=38"}],"version-history":[{"count":77,"href":"https:\/\/dessureaultcpa.ca\/en\/wp-json\/wp\/v2\/pages\/38\/revisions"}],"predecessor-version":[{"id":3282,"href":"https:\/\/dessureaultcpa.ca\/en\/wp-json\/wp\/v2\/pages\/38\/revisions\/3282"}],"wp:attachment":[{"href":"https:\/\/dessureaultcpa.ca\/en\/wp-json\/wp\/v2\/media?parent=38"}],"curies":[{"name":"wp","href":"https:\/\/api.w.org\/{rel}","templated":true}]}}