{"id":628,"date":"2023-08-20T03:58:18","date_gmt":"2023-08-20T03:58:18","guid":{"rendered":"http:\/\/155.138.139.218\/?page_id=628"},"modified":"2025-11-26T05:21:42","modified_gmt":"2025-11-26T09:21:42","slug":"services","status":"publish","type":"page","link":"https:\/\/dessureaultcpa.ca\/en\/services\/","title":{"rendered":"Services"},"content":{"rendered":"<div data-elementor-type=\"wp-page\" data-elementor-id=\"628\" class=\"elementor elementor-628\">\n\t\t\t\t\t\t<section class=\"elementor-section elementor-top-section elementor-element elementor-element-4fe053f elementor-section-full_width elementor-section-height-default elementor-section-height-default\" data-id=\"4fe053f\" data-element_type=\"section\">\n\t\t\t\t\t\t<div class=\"elementor-container elementor-column-gap-no\">\n\t\t\t\t\t<div class=\"elementor-column elementor-col-100 elementor-top-column elementor-element elementor-element-829849e\" data-id=\"829849e\" data-element_type=\"column\">\n\t\t\t<div class=\"elementor-widget-wrap elementor-element-populated\">\n\t\t\t\t\t\t<div class=\"elementor-element elementor-element-bfae12e elementor-widget elementor-widget-Service\" data-id=\"bfae12e\" data-element_type=\"widget\" data-widget_type=\"Service.default\">\n\t\t\t\t<div class=\"elementor-widget-container\">\n\t\t\t\t\t\n                <div class=\"services-area  pt-120 pb-95\">\n            <div class=\"container\">\n                \n                                    <div class=\"section-title-wrap\" data-cues=\"fadeIn\">\n                        <div class=\"row justify-content-center align-items-center\">\n                            <div class=\"col-lg-6 col-md-12\">\n                                <div class=\"title\">\n                                                                            <span class=\"sub\">Our Areas of Expertise<\/span>\n                                                                        <h2>\n                                        Our Specialized Services \u2014 Business Transactions and Support\n\n                                    <\/h2>\n                                <\/div>\n                            <\/div>\n                                                            <div class=\"col-lg-6 col-md-12\">\n                                    <div class=\"content\">\n                                        <p>\n\n\nWhether you are planning to acquire, sell, transfer, or turn around a business, Dessureault CPA &amp; Associ\u00e9s guides you through every step with an integrated approach: strategy, tax, financing, legal, and negotiation.\n\nWe bring all the necessary expertise under one roof. The result? A seamless, secure process, perfectly aligned with your objectives.\n<div style=\"font-family: 'Inter', sans-serif;max-width: 600px;margin: 40px auto;padding: 0\">\n  <blockquote style=\"padding-left: 0;margin: 0;font-style: italic;color: #333;line-height: 1.6\">\n    \u00ab A successful transaction isn't just about a signature. It's about a well-thought-out strategy, solid financials, and a vision that is sound. \u00bb\n  <\/blockquote>\n  <p style=\"text-align: right;margin-top: 15px;font-weight: bold;color: #555\">\n    \u2014 Michel Dessureault, Founder\n  <\/p>\n<\/div><\/p>\n                                    <\/div>\n                                <\/div>\n                                                    <\/div>\n                    <\/div>\n                                                    <div class=\"row justify-content-center\" data-cues=\"fadeIn\">\n                                                <div class=\"col-xl-4 col-md-6\">\n                            <div class=\"services-card text-center\">\n                                                                    <div class=\"icon\">\n                                        <i class=\"flaticon-taxation\"><\/i>\n                                    <\/div>\n                                                                \n                                <h3>\n                                    <a href=\"https:\/\/dessureaultcpa.ca\/en\/service-post\/transactions-et-accompagnement-dentreprise\/\">Business Transactions and Support<\/a>\n                                <\/h3>\n                                <p>A full-service solution for buying, selling, or taking over a business.<\/p> \n                                                                    <a href=\"https:\/\/dessureaultcpa.ca\/en\/service-post\/transactions-et-accompagnement-dentreprise\/\" class=\"services-btn\">En savoir plus <i class=\"flaticon-right-arrow\"><\/i><\/a>\n                                                                <div class=\"bg-wrap\"><\/div>\n                            <\/div>\n                        <\/div>\n                                                <div class=\"col-xl-4 col-md-6\">\n                            <div class=\"services-card text-center\">\n                                                                    <div class=\"icon\">\n                                        <i class=\"flaticon-accounts\"><\/i>\n                                    <\/div>\n                                                                \n                                <h3>\n                                    <a href=\"https:\/\/dessureaultcpa.ca\/en\/service-post\/notre-expertise\/\">Our expertise<\/a>\n                                <\/h3>\n                                <p>In the Pharmaceutical Sector and Other Industries<\/p> \n                                                                    <a href=\"https:\/\/dessureaultcpa.ca\/en\/service-post\/notre-expertise\/\" class=\"services-btn\">En savoir plus <i class=\"flaticon-right-arrow\"><\/i><\/a>\n                                                                <div class=\"bg-wrap\"><\/div>\n                            <\/div>\n                        <\/div>\n                                                <div class=\"col-xl-4 col-md-6\">\n                            <div class=\"services-card text-center\">\n                                                                    <div class=\"icon\">\n                                        <i class=\"flaticon-salary\"><\/i>\n                                    <\/div>\n                                                                \n                                <h3>\n                                    <a href=\"https:\/\/dessureaultcpa.ca\/en\/service-post\/accompagnement-juridique-et-fiscal\/\">Legal and Tax Support<\/a>\n                                <\/h3>\n                                <p>Dessureault CPA offers legal and tax support in collaboration with specialized partners. <\/p> \n                                                                    <a href=\"https:\/\/dessureaultcpa.ca\/en\/service-post\/accompagnement-juridique-et-fiscal\/\" class=\"services-btn\">En savoir plus <i class=\"flaticon-right-arrow\"><\/i><\/a>\n                                                                <div class=\"bg-wrap\"><\/div>\n                            <\/div>\n                        <\/div>\n                                                                    <\/div>\n                                <\/div>\n        <\/div>\n        \n        \t\t\t\t<\/div>\n\t\t\t\t<\/div>\n\t\t\t\t\t<\/div>\n\t\t<\/div>\n\t\t\t\t\t<\/div>\n\t\t<\/section>\n\t\t\t\t<section class=\"elementor-section elementor-top-section elementor-element elementor-element-58bb14e elementor-section-boxed elementor-section-height-default elementor-section-height-default\" data-id=\"58bb14e\" data-element_type=\"section\">\n\t\t\t\t\t\t<div class=\"elementor-container elementor-column-gap-default\">\n\t\t\t\t\t<div class=\"elementor-column elementor-col-100 elementor-top-column elementor-element elementor-element-6ee71fb\" data-id=\"6ee71fb\" data-element_type=\"column\">\n\t\t\t<div class=\"elementor-widget-wrap elementor-element-populated\">\n\t\t\t\t\t\t<div class=\"elementor-element elementor-element-9bad1e1 elementor-widget elementor-widget-Aegis_ITBanner\" data-id=\"9bad1e1\" data-element_type=\"widget\" data-widget_type=\"Aegis_ITBanner.default\">\n\t\t\t\t<div class=\"elementor-widget-container\">\n\t\t\t\t\t\r\n        <!-- Start Individuals Tax Banner Area -->\r\n        <div class=\"individuals-tax-banner-area\">\r\n            <div class=\"container\">\r\n                <div class=\"individuals-tax-banner-content\" data-cue=\"fadeIn\">\r\n                                            <h4>Book a free appointment<\/h4>\r\n                                                                <p>No pressure. No commitment. Just an honest conversation to see how we can help you.\n\n<\/p>\r\n                                       \r\n                    <ul class=\"btn-list\">\r\n                                                    <li>\r\n                                <a href=\"https:\/\/dessureaultcpa.ca\/en\/contactez-nous\/\" class=\"default-btn it-btn\">Book a free appointment<\/a>\r\n                            <\/li>\r\n                                                                    <\/ul>\r\n                    <div class=\"individuals-tax-brands\">\r\n                                                    <span><div style=\"font-family: 'Inter', sans-serif;max-width: 600px;margin: 40px auto;padding: 0\">   <blockquote style=\"padding-left: 0;margin: 0;font-style: italic;color: #333;line-height: 1.6\">      At Dessureault CPA &amp; Associ\u00e9s, we believe that great success starts with a good question. Yours is: What if I took action, starting today?   <\/blockquote>   <p style=\"text-align: right;margin-top: 15px;font-weight: bold;color: #555\">     \u2014 Michel Dessureault, Founder   <\/p> <\/div><\/span>\r\n                        \r\n                        <ul class=\"brands-list\">\r\n                                                    <\/ul>\r\n                    <\/div>\r\n                <\/div>\r\n            <\/div>\r\n                                                        <\/div>\r\n        <!-- End Individuals Tax Banner Area -->\r\n\r\n        \t\t\t\t<\/div>\n\t\t\t\t<\/div>\n\t\t\t\t\t<\/div>\n\t\t<\/div>\n\t\t\t\t\t<\/div>\n\t\t<\/section>\n\t\t\t\t<\/div>","protected":false},"excerpt":{"rendered":"<p>Nos champs d\u2019expertise Nos services sp\u00e9cialis\u00e9s \u2014 Transactions et accompagnement d\u2019entreprise Que vous envisagiez d\u2019acheter, de vendre, de transmettre ou de redresser une entreprise, Dessureault CPA &amp; Associ\u00e9s vous accompagne \u00e0 chaque \u00e9tape avec une approche int\u00e9gr\u00e9e : strat\u00e9gie, fiscalit\u00e9, financement, juridique et n\u00e9gociation. Nous r\u00e9unissons toutes les expertises sous un m\u00eame toit. R\u00e9sultat ? <\/p>","protected":false},"author":1,"featured_media":0,"parent":0,"menu_order":0,"comment_status":"closed","ping_status":"closed","template":"","meta":{"_acf_changed":false,"footnotes":""},"class_list":["post-628","page","type-page","status-publish","hentry"],"acf":[],"yoast_head":"<!-- This site is optimized with the Yoast SEO plugin v26.1.1 - https:\/\/yoast.com\/wordpress\/plugins\/seo\/ -->\n<title>Services en Transaction d&#039;Entreprise | Dessureault CPA<\/title>\n<meta name=\"description\" content=\"Nos services pour l&#039;achat, la vente ou la rel\u00e8ve d&#039;entreprise. Profitez de notre approche int\u00e9gr\u00e9e : strat\u00e9gie, fiscalit\u00e9 et financement.\" \/>\n<meta name=\"robots\" content=\"index, follow, max-snippet:-1, max-image-preview:large, max-video-preview:-1\" \/>\n<link rel=\"canonical\" href=\"https:\/\/dessureaultcpa.ca\/en\/services\/\" \/>\n<meta property=\"og:locale\" content=\"en_US\" \/>\n<meta property=\"og:type\" content=\"article\" \/>\n<meta property=\"og:title\" content=\"Services en Transaction d&#039;Entreprise | Dessureault CPA\" \/>\n<meta property=\"og:description\" content=\"Nos services pour l&#039;achat, la vente ou la rel\u00e8ve d&#039;entreprise. Profitez de notre approche int\u00e9gr\u00e9e : strat\u00e9gie, fiscalit\u00e9 et financement.\" \/>\n<meta property=\"og:url\" content=\"https:\/\/dessureaultcpa.ca\/en\/services\/\" \/>\n<meta property=\"og:site_name\" content=\"Dessureaultcpa\" \/>\n<meta property=\"article:publisher\" content=\"https:\/\/www.facebook.com\/profile.php?id=100084634417441\" \/>\n<meta property=\"article:modified_time\" content=\"2025-11-26T09:21:42+00:00\" \/>\n<meta name=\"twitter:card\" content=\"summary_large_image\" \/>\n<meta name=\"twitter:label1\" content=\"Est. reading time\" \/>\n\t<meta name=\"twitter:data1\" content=\"1 minute\" \/>\n<script type=\"application\/ld+json\" class=\"yoast-schema-graph\">{\"@context\":\"https:\/\/schema.org\",\"@graph\":[{\"@type\":\"WebPage\",\"@id\":\"https:\/\/dessureaultcpa.ca\/services\/\",\"url\":\"https:\/\/dessureaultcpa.ca\/services\/\",\"name\":\"Services en Transaction d'Entreprise | Dessureault CPA\",\"isPartOf\":{\"@id\":\"https:\/\/dessureaultcpa.ca\/#website\"},\"datePublished\":\"2023-08-20T03:58:18+00:00\",\"dateModified\":\"2025-11-26T09:21:42+00:00\",\"description\":\"Nos services pour l'achat, la vente ou la rel\u00e8ve d'entreprise. Profitez de notre approche int\u00e9gr\u00e9e : strat\u00e9gie, fiscalit\u00e9 et financement.\",\"breadcrumb\":{\"@id\":\"https:\/\/dessureaultcpa.ca\/services\/#breadcrumb\"},\"inLanguage\":\"en-CA\",\"potentialAction\":[{\"@type\":\"ReadAction\",\"target\":[\"https:\/\/dessureaultcpa.ca\/services\/\"]}]},{\"@type\":\"BreadcrumbList\",\"@id\":\"https:\/\/dessureaultcpa.ca\/services\/#breadcrumb\",\"itemListElement\":[{\"@type\":\"ListItem\",\"position\":1,\"name\":\"Home\",\"item\":\"https:\/\/dessureaultcpa.ca\/\"},{\"@type\":\"ListItem\",\"position\":2,\"name\":\"Services\"}]},{\"@type\":\"WebSite\",\"@id\":\"https:\/\/dessureaultcpa.ca\/#website\",\"url\":\"https:\/\/dessureaultcpa.ca\/\",\"name\":\"Dessureaultcpa\",\"description\":\"\",\"publisher\":{\"@id\":\"https:\/\/dessureaultcpa.ca\/#organization\"},\"potentialAction\":[{\"@type\":\"SearchAction\",\"target\":{\"@type\":\"EntryPoint\",\"urlTemplate\":\"https:\/\/dessureaultcpa.ca\/?s={search_term_string}\"},\"query-input\":{\"@type\":\"PropertyValueSpecification\",\"valueRequired\":true,\"valueName\":\"search_term_string\"}}],\"inLanguage\":\"en-CA\"},{\"@type\":\"Organization\",\"@id\":\"https:\/\/dessureaultcpa.ca\/#organization\",\"name\":\"Dessureaultcpa\",\"url\":\"https:\/\/dessureaultcpa.ca\/\",\"logo\":{\"@type\":\"ImageObject\",\"inLanguage\":\"en-CA\",\"@id\":\"https:\/\/dessureaultcpa.ca\/#\/schema\/logo\/image\/\",\"url\":\"https:\/\/155.138.139.218\/wp-content\/uploads\/2025\/08\/Dessureault-Associes-logo.png\",\"contentUrl\":\"https:\/\/155.138.139.218\/wp-content\/uploads\/2025\/08\/Dessureault-Associes-logo.png\",\"width\":1413,\"height\":460,\"caption\":\"Dessureaultcpa\"},\"image\":{\"@id\":\"https:\/\/dessureaultcpa.ca\/#\/schema\/logo\/image\/\"},\"sameAs\":[\"https:\/\/www.facebook.com\/profile.php?id=100084634417441\"]}]}<\/script>\n<!-- \/ Yoast SEO plugin. -->","yoast_head_json":{"title":"Services en Transaction d'Entreprise | Dessureault CPA","description":"Nos services pour l'achat, la vente ou la rel\u00e8ve d'entreprise. Profitez de notre approche int\u00e9gr\u00e9e : strat\u00e9gie, fiscalit\u00e9 et financement.","robots":{"index":"index","follow":"follow","max-snippet":"max-snippet:-1","max-image-preview":"max-image-preview:large","max-video-preview":"max-video-preview:-1"},"canonical":"https:\/\/dessureaultcpa.ca\/en\/services\/","og_locale":"en_US","og_type":"article","og_title":"Services en Transaction d'Entreprise | Dessureault CPA","og_description":"Nos services pour l'achat, la vente ou la rel\u00e8ve d'entreprise. Profitez de notre approche int\u00e9gr\u00e9e : strat\u00e9gie, fiscalit\u00e9 et financement.","og_url":"https:\/\/dessureaultcpa.ca\/en\/services\/","og_site_name":"Dessureaultcpa","article_publisher":"https:\/\/www.facebook.com\/profile.php?id=100084634417441","article_modified_time":"2025-11-26T09:21:42+00:00","twitter_card":"summary_large_image","twitter_misc":{"Est. reading time":"1 minute"},"schema":{"@context":"https:\/\/schema.org","@graph":[{"@type":"WebPage","@id":"https:\/\/dessureaultcpa.ca\/services\/","url":"https:\/\/dessureaultcpa.ca\/services\/","name":"Services en Transaction d'Entreprise | Dessureault CPA","isPartOf":{"@id":"https:\/\/dessureaultcpa.ca\/#website"},"datePublished":"2023-08-20T03:58:18+00:00","dateModified":"2025-11-26T09:21:42+00:00","description":"Nos services pour l'achat, la vente ou la rel\u00e8ve d'entreprise. Profitez de notre approche int\u00e9gr\u00e9e : strat\u00e9gie, fiscalit\u00e9 et financement.","breadcrumb":{"@id":"https:\/\/dessureaultcpa.ca\/services\/#breadcrumb"},"inLanguage":"en-CA","potentialAction":[{"@type":"ReadAction","target":["https:\/\/dessureaultcpa.ca\/services\/"]}]},{"@type":"BreadcrumbList","@id":"https:\/\/dessureaultcpa.ca\/services\/#breadcrumb","itemListElement":[{"@type":"ListItem","position":1,"name":"Home","item":"https:\/\/dessureaultcpa.ca\/"},{"@type":"ListItem","position":2,"name":"Services"}]},{"@type":"WebSite","@id":"https:\/\/dessureaultcpa.ca\/#website","url":"https:\/\/dessureaultcpa.ca\/","name":"Dessureaultcpa","description":"","publisher":{"@id":"https:\/\/dessureaultcpa.ca\/#organization"},"potentialAction":[{"@type":"SearchAction","target":{"@type":"EntryPoint","urlTemplate":"https:\/\/dessureaultcpa.ca\/?s={search_term_string}"},"query-input":{"@type":"PropertyValueSpecification","valueRequired":true,"valueName":"search_term_string"}}],"inLanguage":"en-CA"},{"@type":"Organization","@id":"https:\/\/dessureaultcpa.ca\/#organization","name":"Dessureaultcpa","url":"https:\/\/dessureaultcpa.ca\/","logo":{"@type":"ImageObject","inLanguage":"en-CA","@id":"https:\/\/dessureaultcpa.ca\/#\/schema\/logo\/image\/","url":"https:\/\/155.138.139.218\/wp-content\/uploads\/2025\/08\/Dessureault-Associes-logo.png","contentUrl":"https:\/\/155.138.139.218\/wp-content\/uploads\/2025\/08\/Dessureault-Associes-logo.png","width":1413,"height":460,"caption":"Dessureaultcpa"},"image":{"@id":"https:\/\/dessureaultcpa.ca\/#\/schema\/logo\/image\/"},"sameAs":["https:\/\/www.facebook.com\/profile.php?id=100084634417441"]}]}},"_links":{"self":[{"href":"https:\/\/dessureaultcpa.ca\/en\/wp-json\/wp\/v2\/pages\/628","targetHints":{"allow":["GET"]}}],"collection":[{"href":"https:\/\/dessureaultcpa.ca\/en\/wp-json\/wp\/v2\/pages"}],"about":[{"href":"https:\/\/dessureaultcpa.ca\/en\/wp-json\/wp\/v2\/types\/page"}],"author":[{"embeddable":true,"href":"https:\/\/dessureaultcpa.ca\/en\/wp-json\/wp\/v2\/users\/1"}],"replies":[{"embeddable":true,"href":"https:\/\/dessureaultcpa.ca\/en\/wp-json\/wp\/v2\/comments?post=628"}],"version-history":[{"count":23,"href":"https:\/\/dessureaultcpa.ca\/en\/wp-json\/wp\/v2\/pages\/628\/revisions"}],"predecessor-version":[{"id":3203,"href":"https:\/\/dessureaultcpa.ca\/en\/wp-json\/wp\/v2\/pages\/628\/revisions\/3203"}],"wp:attachment":[{"href":"https:\/\/dessureaultcpa.ca\/en\/wp-json\/wp\/v2\/media?parent=628"}],"curies":[{"name":"wp","href":"https:\/\/api.w.org\/{rel}","templated":true}]}}